{"id":86311,"date":"2023-04-28T15:43:43","date_gmt":"2023-04-28T13:43:43","guid":{"rendered":"https:\/\/zalapay.com\/?page_id=86311"},"modified":"2023-05-09T10:27:04","modified_gmt":"2023-05-09T08:27:04","slug":"produkti","status":"publish","type":"page","link":"https:\/\/zalapay.com\/en\/produkti\/","title":{"rendered":"Products"},"content":{"rendered":"<div class=\"wpb-content-wrapper\"><div data-parent=\"true\" class=\"vc_row row-container onepage-section\" data-label=\"produkti\" data-name=\"produkti\" id=\"row-unique-0\"><div class=\"row unequal no-top-padding no-bottom-padding no-h-padding full-width row-slider row-parent\"><div class=\"wpb_column pos-top pos-center align_center column_parent col-lg-12 single-internal-gutter\"><div class=\"uncol style-light\"  ><div class=\"uncoltable\"><div class=\"uncell double-block-padding\" ><div class=\"uncont\"><div class=\"vc_custom_heading_wrap\"><div class=\"heading-text el-text\" ><h3 class=\"h3 font-weight-900 text-uppercase\" ><span>PAYMENT SOLUTIONS FOR ALL NEEDS<\/span><\/h3><\/div><div class=\"clear\"><\/div><\/div><div class=\"empty-space empty-single\" ><span class=\"empty-space-inner\"><\/span><\/div>\n<div class=\"vc_row vc_custom_1682690389637 row-internal row-container tablet-hidden mobile-hidden\" style=\"padding-right: 12em ;padding-left: 12em ;\"><div class=\"row unequal col-double-gutter row-child\"><div class=\"wpb_row row-inner\"><div class=\"wpb_column pos-top pos-center align_center column_child col-lg-6 tablet-hidden mobile-hidden col-md-33 single-internal-gutter\"><div class=\"uncol style-light\" ><div class=\"uncoltable\"><div class=\"uncell  vc_custom_1682690122589 border-border_color-252495-color no-block-padding\" style=\"border-right-width: 1px ;\" ><div class=\"uncont\"><div class=\"uncode-single-media  text-left\"><div class=\"single-wrapper\" style=\"max-width: 100%;\"><div class=\"tmb tmb-light  tmb-media-first tmb-media-last tmb-content-overlay tmb-no-bg\"><div class=\"t-inside\"><div class=\"t-entry-visual\"><div class=\"t-entry-visual-tc\"><div class=\"uncode-single-media-wrapper\"><img decoding=\"async\" class=\"wp-image-85396\" src=\"https:\/\/zalapay.com\/wp-content\/uploads\/2022\/11\/zalapay-pos-pro-maksajumu-sistema.png\" width=\"1668\" height=\"1668\" alt=\"zalapay-pos-pro-maksajumu-sistema\" srcset=\"https:\/\/zalapay.com\/wp-content\/uploads\/2022\/11\/zalapay-pos-pro-maksajumu-sistema.png 1668w, https:\/\/zalapay.com\/wp-content\/uploads\/2022\/11\/zalapay-pos-pro-maksajumu-sistema-300x300.png 300w, https:\/\/zalapay.com\/wp-content\/uploads\/2022\/11\/zalapay-pos-pro-maksajumu-sistema-1024x1024.png 1024w, https:\/\/zalapay.com\/wp-content\/uploads\/2022\/11\/zalapay-pos-pro-maksajumu-sistema-150x150.png 150w, https:\/\/zalapay.com\/wp-content\/uploads\/2022\/11\/zalapay-pos-pro-maksajumu-sistema-768x768.png 768w, https:\/\/zalapay.com\/wp-content\/uploads\/2022\/11\/zalapay-pos-pro-maksajumu-sistema-1536x1536.png 1536w, https:\/\/zalapay.com\/wp-content\/uploads\/2022\/11\/zalapay-pos-pro-maksajumu-sistema-350x350.png 350w, https:\/\/zalapay.com\/wp-content\/uploads\/2022\/11\/zalapay-pos-pro-maksajumu-sistema-348x348.png 348w\" sizes=\"(max-width: 1668px) 100vw, 1668px\" \/><\/div>\n\t\t\t\t\t<\/div>\n\t\t\t\t<\/div><\/div><\/div><\/div><\/div><div class=\"uncode_text_column vc_custom_1683620707663\"  style=\"padding-bottom: 0.3em ;\"><\/p>\n<h4 style=\"text-align: center;\">ZALAPAY POS<\/h4>\n<p>\n<\/div><div class=\"divider-wrapper\"  >\n    <hr class=\"border-sep_color-137451-color separator-no-padding\"  style=\"width: 100%;border-top-width: 2px;\" \/>\n<\/div>\n<span class=\"btn-container btn-block\" ><a href=\"https:\/\/zalapay.com\/en\/terminali\/\" class=\"custom-link btn border-width-0 poga btn-button_color-163982 btn-block btn-icon-left btn-ripple-out btn-border-animated\" title=\"POS Pro\">FIND OUT MORE<\/a><\/span><\/div><\/div><\/div><\/div><\/div><div class=\"wpb_column pos-top pos-center align_left column_child col-lg-6 tablet-hidden mobile-hidden col-md-33 single-internal-gutter\"><div class=\"uncol style-light\" ><div class=\"uncoltable\"><div class=\"uncell no-block-padding\" ><div class=\"uncont\"><div class=\"uncode-single-media  text-left\"><div class=\"single-wrapper\" style=\"max-width: 100%;\"><div class=\"tmb tmb-light  tmb-media-first tmb-media-last tmb-content-overlay tmb-no-bg\"><div class=\"t-inside\"><div class=\"t-entry-visual\"><div class=\"t-entry-visual-tc\"><div class=\"uncode-single-media-wrapper\"><img decoding=\"async\" class=\"wp-image-86291\" src=\"https:\/\/zalapay.com\/wp-content\/uploads\/2023\/04\/zalapay-kase-kases-aparats-digitals.png\" width=\"1616\" height=\"1616\" alt=\"http:\/\/zalapay.com\/wp-content\/uploads\/2023\/04\/zalapay-kase-kases-aparats-digitals.png\" srcset=\"https:\/\/zalapay.com\/wp-content\/uploads\/2023\/04\/zalapay-kase-kases-aparats-digitals.png 1616w, https:\/\/zalapay.com\/wp-content\/uploads\/2023\/04\/zalapay-kase-kases-aparats-digitals-300x300.png 300w, https:\/\/zalapay.com\/wp-content\/uploads\/2023\/04\/zalapay-kase-kases-aparats-digitals-1024x1024.png 1024w, https:\/\/zalapay.com\/wp-content\/uploads\/2023\/04\/zalapay-kase-kases-aparats-digitals-150x150.png 150w, https:\/\/zalapay.com\/wp-content\/uploads\/2023\/04\/zalapay-kase-kases-aparats-digitals-768x768.png 768w, https:\/\/zalapay.com\/wp-content\/uploads\/2023\/04\/zalapay-kase-kases-aparats-digitals-1536x1536.png 1536w, https:\/\/zalapay.com\/wp-content\/uploads\/2023\/04\/zalapay-kase-kases-aparats-digitals-350x350.png 350w, https:\/\/zalapay.com\/wp-content\/uploads\/2023\/04\/zalapay-kase-kases-aparats-digitals-348x348.png 348w\" sizes=\"(max-width: 1616px) 100vw, 1616px\" \/><\/div>\n\t\t\t\t\t<\/div>\n\t\t\t\t<\/div><\/div><\/div><\/div><\/div><div class=\"uncode_text_column vc_custom_1683620736219\"  style=\"padding-bottom: 0.3em ;\"><\/p>\n<h4 style=\"text-align: center;\">ZALAPAY CASHIER<\/h4>\n<p>\n<\/div><div class=\"divider-wrapper\"  >\n    <hr class=\"border-sep_color-271214-color separator-no-padding\"  style=\"width: 100%;border-top-width: 2px;\" \/>\n<\/div>\n<span class=\"btn-container btn-block\" ><a href=\"https:\/\/zalapay.com\/en\/zalapay-kase\/\" class=\"custom-link btn border-width-0 poga btn-button_color-242634 btn-block btn-icon-left btn-ripple-out btn-border-animated\" title=\"POS Pro\">FIND OUT MORE<\/a><\/span><\/div><\/div><\/div><\/div><\/div><\/div><\/div><\/div><div class=\"vc_row row-internal row-container desktop-hidden\"><div class=\"row unequal col-no-gutter row-child\"><div class=\"wpb_row row-inner\"><div class=\"wpb_column pos-top pos-center align_center align_center_tablet column_child col-lg-6 desktop-hidden single-internal-gutter\"><div class=\"uncol style-light\" ><div class=\"uncoltable\"><div class=\"uncell  vc_custom_1669289735203 border-border_color-177987-color no-block-padding\" style=\"border-right-width: 1px ;\" ><div class=\"uncont\"><div class=\"uncode-single-media  text-left\"><div class=\"single-wrapper\" style=\"max-width: 100%;\"><div class=\"tmb tmb-light  tmb-media-first tmb-media-last tmb-content-overlay tmb-no-bg\"><div class=\"t-inside\"><div class=\"t-entry-visual\"><div class=\"t-entry-visual-tc\"><div class=\"uncode-single-media-wrapper\"><img decoding=\"async\" class=\"wp-image-85396\" src=\"https:\/\/zalapay.com\/wp-content\/uploads\/2022\/11\/zalapay-pos-pro-maksajumu-sistema.png\" width=\"1668\" height=\"1668\" alt=\"zalapay-pos-pro-maksajumu-sistema\" srcset=\"https:\/\/zalapay.com\/wp-content\/uploads\/2022\/11\/zalapay-pos-pro-maksajumu-sistema.png 1668w, https:\/\/zalapay.com\/wp-content\/uploads\/2022\/11\/zalapay-pos-pro-maksajumu-sistema-300x300.png 300w, https:\/\/zalapay.com\/wp-content\/uploads\/2022\/11\/zalapay-pos-pro-maksajumu-sistema-1024x1024.png 1024w, https:\/\/zalapay.com\/wp-content\/uploads\/2022\/11\/zalapay-pos-pro-maksajumu-sistema-150x150.png 150w, https:\/\/zalapay.com\/wp-content\/uploads\/2022\/11\/zalapay-pos-pro-maksajumu-sistema-768x768.png 768w, https:\/\/zalapay.com\/wp-content\/uploads\/2022\/11\/zalapay-pos-pro-maksajumu-sistema-1536x1536.png 1536w, https:\/\/zalapay.com\/wp-content\/uploads\/2022\/11\/zalapay-pos-pro-maksajumu-sistema-350x350.png 350w, https:\/\/zalapay.com\/wp-content\/uploads\/2022\/11\/zalapay-pos-pro-maksajumu-sistema-348x348.png 348w\" sizes=\"(max-width: 1668px) 100vw, 1668px\" \/><\/div>\n\t\t\t\t\t<\/div>\n\t\t\t\t<\/div><\/div><\/div><\/div><\/div><div class=\"uncode_text_column vc_custom_1683620748191\"  style=\"padding-bottom: 0.3em ;\"><\/p>\n<h4 style=\"text-align: center;\">ZALAPAY POS<\/h4>\n<p>\n<\/div><span class=\"btn-container btn-block\" ><a href=\"https:\/\/zalapay.com\/en\/terminali\/\" class=\"custom-link btn border-width-0 mobile-poga btn-button_color-106758 btn-block btn-icon-left btn-ripple-out btn-border-animated\" title=\"POS Pro\">FIND OUT MORE<\/a><\/span><div class=\"divider-wrapper\"  >\n    <hr class=\"border-sep_color-236636-color separator-no-padding\"  style=\"width: 100%;border-top-width: 2px;\" \/>\n<\/div>\n<\/div><\/div><\/div><\/div><\/div><div class=\"wpb_column pos-top pos-center align_center align_center_tablet column_child col-lg-6 desktop-hidden single-internal-gutter\"><div class=\"uncol style-light\" ><div class=\"uncoltable\"><div class=\"uncell  vc_custom_1682697090706 no-block-padding\" style=\"padding-top: 3em ;\" ><div class=\"uncont\"><div class=\"uncode-single-media  text-left\"><div class=\"single-wrapper\" style=\"max-width: 100%;\"><a class=\"single-media-link\" href=\"https:\/\/zalapay.com\/en\/registracija\/\"><div class=\"tmb tmb-light  tmb-media-first tmb-media-last tmb-content-overlay tmb-no-bg\"><div class=\"t-inside\"><div class=\"t-entry-visual\"><div class=\"t-entry-visual-tc\"><div class=\"uncode-single-media-wrapper\"><img decoding=\"async\" class=\"wp-image-86291\" src=\"https:\/\/zalapay.com\/wp-content\/uploads\/2023\/04\/zalapay-kase-kases-aparats-digitals.png\" width=\"1616\" height=\"1616\" alt=\"http:\/\/zalapay.com\/wp-content\/uploads\/2023\/04\/zalapay-kase-kases-aparats-digitals.png\" srcset=\"https:\/\/zalapay.com\/wp-content\/uploads\/2023\/04\/zalapay-kase-kases-aparats-digitals.png 1616w, https:\/\/zalapay.com\/wp-content\/uploads\/2023\/04\/zalapay-kase-kases-aparats-digitals-300x300.png 300w, https:\/\/zalapay.com\/wp-content\/uploads\/2023\/04\/zalapay-kase-kases-aparats-digitals-1024x1024.png 1024w, https:\/\/zalapay.com\/wp-content\/uploads\/2023\/04\/zalapay-kase-kases-aparats-digitals-150x150.png 150w, https:\/\/zalapay.com\/wp-content\/uploads\/2023\/04\/zalapay-kase-kases-aparats-digitals-768x768.png 768w, https:\/\/zalapay.com\/wp-content\/uploads\/2023\/04\/zalapay-kase-kases-aparats-digitals-1536x1536.png 1536w, https:\/\/zalapay.com\/wp-content\/uploads\/2023\/04\/zalapay-kase-kases-aparats-digitals-350x350.png 350w, https:\/\/zalapay.com\/wp-content\/uploads\/2023\/04\/zalapay-kase-kases-aparats-digitals-348x348.png 348w\" sizes=\"(max-width: 1616px) 100vw, 1616px\" \/><\/div>\n\t\t\t\t\t<\/div>\n\t\t\t\t<\/div><\/div><\/div><\/a><\/div><\/div><div class=\"uncode_text_column vc_custom_1683620760201\"  style=\"padding-bottom: 0.3em ;\"><\/p>\n<h4 style=\"text-align: center;\"><b>ZALAPAY CASHIER<\/b><\/h4>\n<p>\n<\/div><span class=\"btn-container btn-block\" ><a href=\"https:\/\/zalapay.com\/en\/zalapay-kase\/\" class=\"custom-link btn border-width-0 poga btn-button_color-242634 btn-block btn-icon-left btn-ripple-out btn-border-animated\" title=\"POS Pro\">FIND OUT MORE<\/a><\/span><\/div><\/div><\/div><\/div><\/div><\/div><\/div><\/div><\/div><\/div><\/div><\/div><\/div><script id=\"script-row-unique-0\" data-row=\"script-row-unique-0\" type=\"text\/javascript\" class=\"vc_controls\">UNCODE.initRow(document.getElementById(\"row-unique-0\"));<\/script><\/div><\/div>\n<\/div>","protected":false},"excerpt":{"rendered":"MAKS\u0100JUMU RISIN\u0100JUMI VIS\u0100M VAJADZ\u012aB\u0100M ZALAPAY POS UZZIN\u0100T VAIR\u0100K ZALAPAY KASE UZZIN\u0100T VAIR\u0100K ZALAPAY POS UZZIN\u0100T VAIR\u0100K ZALAPAY KASE UZZIN\u0100T VAIR\u0100K","protected":false},"author":7,"featured_media":0,"parent":0,"menu_order":0,"comment_status":"closed","ping_status":"closed","template":"","meta":{"_monsterinsights_skip_tracking":false,"_monsterinsights_sitenote_active":false,"_monsterinsights_sitenote_note":"","_monsterinsights_sitenote_category":0,"footnotes":""},"class_list":["post-86311","page","type-page","status-publish","hentry"],"_links":{"self":[{"href":"https:\/\/zalapay.com\/en\/wp-json\/wp\/v2\/pages\/86311","targetHints":{"allow":["GET"]}}],"collection":[{"href":"https:\/\/zalapay.com\/en\/wp-json\/wp\/v2\/pages"}],"about":[{"href":"https:\/\/zalapay.com\/en\/wp-json\/wp\/v2\/types\/page"}],"author":[{"embeddable":true,"href":"https:\/\/zalapay.com\/en\/wp-json\/wp\/v2\/users\/7"}],"replies":[{"embeddable":true,"href":"https:\/\/zalapay.com\/en\/wp-json\/wp\/v2\/comments?post=86311"}],"version-history":[{"count":18,"href":"https:\/\/zalapay.com\/en\/wp-json\/wp\/v2\/pages\/86311\/revisions"}],"predecessor-version":[{"id":86334,"href":"https:\/\/zalapay.com\/en\/wp-json\/wp\/v2\/pages\/86311\/revisions\/86334"}],"wp:attachment":[{"href":"https:\/\/zalapay.com\/en\/wp-json\/wp\/v2\/media?parent=86311"}],"curies":[{"name":"wp","href":"https:\/\/api.w.org\/{rel}","templated":true}]}}